{"id":14,"date":"2014-09-01T09:11:50","date_gmt":"2014-09-01T06:11:50","guid":{"rendered":"http:\/\/www.haa-paja.fi\/uusi\/?page_id=14"},"modified":"2014-09-03T13:09:25","modified_gmt":"2014-09-03T10:09:25","slug":"tuote-esimerkit","status":"publish","type":"page","link":"https:\/\/haa-paja.fi\/?page_id=14","title":{"rendered":"Tuote esimerkit"},"content":{"rendered":"<table border=\"0\" cellpadding=\"10\">\n<tbody>\n<tr>\n<td><a href=\"https:\/\/haa-paja.fi\/?page_id=54\" rel=\"https:\/\/haa-paja.fi\/?page_id=54\"><img loading=\"lazy\" decoding=\"async\" class=\"alignleft wp-image-32\" src=\"https:\/\/haa-paja.fi\/wp-content\/uploads\/2014\/09\/kuva5_iso-300x201.jpg\" alt=\"kuva5_iso\" width=\"238\" height=\"160\" srcset=\"https:\/\/haa-paja.fi\/wp-content\/uploads\/2014\/09\/kuva5_iso-300x201.jpg 300w, https:\/\/haa-paja.fi\/wp-content\/uploads\/2014\/09\/kuva5_iso.jpg 521w\" sizes=\"auto, (max-width: 238px) 100vw, 238px\" \/><\/a><\/td>\n<td><a href=\"https:\/\/haa-paja.fi\/?page_id=56\"><img loading=\"lazy\" decoding=\"async\" class=\"alignleft wp-image-46\" src=\"https:\/\/haa-paja.fi\/wp-content\/uploads\/2014\/09\/kuva15_iso-300x200.jpg\" alt=\"kuva15_iso\" width=\"240\" height=\"160\" srcset=\"https:\/\/haa-paja.fi\/wp-content\/uploads\/2014\/09\/kuva15_iso-300x200.jpg 300w, https:\/\/haa-paja.fi\/wp-content\/uploads\/2014\/09\/kuva15_iso.jpg 524w\" sizes=\"auto, (max-width: 240px) 100vw, 240px\" \/><\/a><\/td>\n<\/tr>\n<tr>\n<td><a title=\"Siirto- ja v\u00e4livarastointivaunuja\" href=\"https:\/\/haa-paja.fi\/?page_id=54\">Siirto- ja v\u00e4livarastointivaunuja<\/a><\/td>\n<td><a title=\"Ty\u00f6pistevaunuja\" href=\"https:\/\/haa-paja.fi\/?page_id=56\">Ty\u00f6pistevaunuja<\/a><\/td>\n<\/tr>\n<tr>\n<td><a href=\"https:\/\/haa-paja.fi\/?page_id=58\"><img loading=\"lazy\" decoding=\"async\" class=\"alignleft wp-image-49\" src=\"https:\/\/haa-paja.fi\/wp-content\/uploads\/2014\/09\/kuva12_iso-203x300.jpg\" alt=\"kuva12_iso\" width=\"108\" height=\"160\" srcset=\"https:\/\/haa-paja.fi\/wp-content\/uploads\/2014\/09\/kuva12_iso-203x300.jpg 203w, https:\/\/haa-paja.fi\/wp-content\/uploads\/2014\/09\/kuva12_iso.jpg 237w\" sizes=\"auto, (max-width: 108px) 100vw, 108px\" \/><\/a><\/td>\n<td><a href=\"https:\/\/haa-paja.fi\/?page_id=60\"><img loading=\"lazy\" decoding=\"async\" class=\"alignleft wp-image-18\" src=\"https:\/\/haa-paja.fi\/wp-content\/uploads\/2014\/09\/122_2260-300x225.jpg\" alt=\"122_2260\" width=\"213\" height=\"160\" srcset=\"https:\/\/haa-paja.fi\/wp-content\/uploads\/2014\/09\/122_2260-300x225.jpg 300w, https:\/\/haa-paja.fi\/wp-content\/uploads\/2014\/09\/122_2260-1024x768.jpg 1024w, https:\/\/haa-paja.fi\/wp-content\/uploads\/2014\/09\/122_2260.jpg 1600w\" sizes=\"auto, (max-width: 213px) 100vw, 213px\" \/><\/a><\/td>\n<\/tr>\n<tr>\n<td><a title=\"V\u00e4rj\u00e4ysaltaita\" href=\"https:\/\/haa-paja.fi\/?page_id=58\">V\u00e4rj\u00e4ysaltaita<\/a><\/td>\n<td><a title=\"Sekalaisia tuotteita\" href=\"https:\/\/haa-paja.fi\/?page_id=60\">Sekalaisia tuotteita<\/a><\/td>\n<\/tr>\n<\/tbody>\n<\/table>\n","protected":false},"excerpt":{"rendered":"<p>Siirto- ja v\u00e4livarastointivaunuja Ty\u00f6pistevaunuja V\u00e4rj\u00e4ysaltaita Sekalaisia tuotteita<\/p>\n","protected":false},"author":1,"featured_media":0,"parent":0,"menu_order":0,"comment_status":"closed","ping_status":"closed","template":"","meta":{"footnotes":""},"class_list":["post-14","page","type-page","status-publish","hentry"],"_links":{"self":[{"href":"https:\/\/haa-paja.fi\/index.php?rest_route=\/wp\/v2\/pages\/14","targetHints":{"allow":["GET"]}}],"collection":[{"href":"https:\/\/haa-paja.fi\/index.php?rest_route=\/wp\/v2\/pages"}],"about":[{"href":"https:\/\/haa-paja.fi\/index.php?rest_route=\/wp\/v2\/types\/page"}],"author":[{"embeddable":true,"href":"https:\/\/haa-paja.fi\/index.php?rest_route=\/wp\/v2\/users\/1"}],"replies":[{"embeddable":true,"href":"https:\/\/haa-paja.fi\/index.php?rest_route=%2Fwp%2Fv2%2Fcomments&post=14"}],"version-history":[{"count":5,"href":"https:\/\/haa-paja.fi\/index.php?rest_route=\/wp\/v2\/pages\/14\/revisions"}],"predecessor-version":[{"id":83,"href":"https:\/\/haa-paja.fi\/index.php?rest_route=\/wp\/v2\/pages\/14\/revisions\/83"}],"wp:attachment":[{"href":"https:\/\/haa-paja.fi\/index.php?rest_route=%2Fwp%2Fv2%2Fmedia&parent=14"}],"curies":[{"name":"wp","href":"https:\/\/api.w.org\/{rel}","templated":true}]}}